{"id":107,"date":"2017-06-14T13:43:21","date_gmt":"2017-06-14T13:43:21","guid":{"rendered":"http:\/\/dummy.xtemos.com\/woodmart\/?page_id=107"},"modified":"2024-01-23T19:12:17","modified_gmt":"2024-01-23T19:12:17","slug":"blog","status":"publish","type":"page","link":"https:\/\/socoal.cl\/index.php\/blog\/","title":{"rendered":"Blog"},"content":{"rendered":"<div class=\"wpb-content-wrapper\"><p>[vc_row][vc_column]<div class=\"wd-blog-holder blog-shortcode  masonry-container wd-spacing-30 row blog-pagination-pagination\" id=\"69fb360a5ac3b\" data-paged=\"1\" data-atts=\"{&quot;post_type&quot;:&quot;post&quot;,&quot;include&quot;:&quot;&quot;,&quot;custom_query&quot;:&quot;&quot;,&quot;taxonomies&quot;:&quot;&quot;,&quot;pagination&quot;:&quot;pagination&quot;,&quot;parts_media&quot;:true,&quot;parts_title&quot;:&quot;1&quot;,&quot;parts_meta&quot;:&quot;1&quot;,&quot;parts_text&quot;:&quot;1&quot;,&quot;parts_btn&quot;:&quot;1&quot;,&quot;items_per_page&quot;:&quot;12&quot;,&quot;offset&quot;:&quot;&quot;,&quot;orderby&quot;:&quot;date&quot;,&quot;order&quot;:&quot;DESC&quot;,&quot;meta_key&quot;:&quot;&quot;,&quot;exclude&quot;:&quot;&quot;,&quot;class&quot;:&quot;&quot;,&quot;ajax_page&quot;:&quot;&quot;,&quot;img_size&quot;:&quot;medium&quot;,&quot;blog_design&quot;:&quot;masonry&quot;,&quot;blog_carousel_design&quot;:&quot;masonry&quot;,&quot;blog_columns&quot;:&quot;3&quot;,&quot;blog_spacing&quot;:&quot;30&quot;,&quot;speed&quot;:&quot;5000&quot;,&quot;slides_per_view&quot;:&quot;3&quot;,&quot;wrap&quot;:&quot;&quot;,&quot;autoplay&quot;:&quot;no&quot;,&quot;hide_pagination_control&quot;:&quot;&quot;,&quot;hide_prev_next_buttons&quot;:&quot;&quot;,&quot;lazy_loading&quot;:&quot;no&quot;,&quot;scroll_carousel_init&quot;:&quot;no&quot;,&quot;scroll_per_page&quot;:&quot;yes&quot;,&quot;search&quot;:&quot;&quot;}\" data-source=\"shortcode\">\n<article id=\"post-7411\" class=\"blog-design-masonry blog-post-loop blog-style-shadow  col-md-4 col-sm-6 col-12 post-7411 post type-post status-publish format-standard has-post-thumbnail hentry category-florax tag-chile tag-excelencia-chile tag-productos-florax tag-socoal\">\n\t<div class=\"article-inner\">\n\t\t\t\t\t<header class=\"entry-header\">\n\t\t\t\t\t\t\t\t\t<figure id=\"carousel-553\" class=\"entry-thumbnail\">\n\t\t\t\t\t\t\n\t\t\t\t\t\t\t<div class=\"post-img-wrapp\">\n\t\t\t\t\t\t\t\t<a href=\"https:\/\/socoal.cl\/index.php\/2024\/02\/07\/descubre-la-excelencia-de-los-productos-florax-en-todo-chile\/\">\n\t\t\t\t\t\t\t\t\t<img loading=\"lazy\" decoding=\"async\" width=\"400\" height=\"261\" src=\"https:\/\/socoal.cl\/wp-content\/uploads\/2024\/02\/blogFlorex-400x261.png\" class=\"attachment-large wp-post-image attachment-medium\" alt=\"\" title=\"blogFlorex\" srcset=\"https:\/\/socoal.cl\/wp-content\/uploads\/2024\/02\/blogFlorex-400x261.png 400w, https:\/\/socoal.cl\/wp-content\/uploads\/2024\/02\/blogFlorex-768x502.png 768w, https:\/\/socoal.cl\/wp-content\/uploads\/2024\/02\/blogFlorex-860x562.png 860w, https:\/\/socoal.cl\/wp-content\/uploads\/2024\/02\/blogFlorex-430x281.png 430w, https:\/\/socoal.cl\/wp-content\/uploads\/2024\/02\/blogFlorex-700x457.png 700w, https:\/\/socoal.cl\/wp-content\/uploads\/2024\/02\/blogFlorex-150x98.png 150w, https:\/\/socoal.cl\/wp-content\/uploads\/2024\/02\/blogFlorex.png 1127w\" sizes=\"auto, (max-width: 400px) 100vw, 400px\" \/>\t\t\t\t\t\t\t\t<\/a>\n\t\t\t\t\t\t\t<\/div>\n\t\t\t\t\t\t\t<div class=\"post-image-mask\">\n\t\t\t\t\t\t\t\t<span><\/span>\n\t\t\t\t\t\t\t<\/div>\n\n\t\t\t\t\t\t\n\t\t\t\t\t<\/figure>\n\t\t\t\t\n\t\t\t\t\t\t\t\t\t\t\t\t<div class=\"post-date wd-post-date wd-style-with-bg\" onclick=\"\">\n\t\t\t\t<span class=\"post-date-day\">\n\t\t\t\t\t07\t\t\t\t<\/span>\n\t\t\t\t<span class=\"post-date-month\">\n\t\t\t\t\tFeb\t\t\t\t<\/span>\n\t\t\t<\/div>\n\t\t\t\t\t\t\n\t\t\t<\/header><!-- .entry-header -->\n\n\t\t<div class=\"article-body-container\">\n\t\t\t\n\t\t\t\t\t\t\t\t\t<div class=\"meta-categories-wrapp\"><div class=\"meta-post-categories wd-post-cat wd-style-with-bg\"><a href=\"https:\/\/socoal.cl\/index.php\/category\/florax\/\" rel=\"category tag\">Florax<\/a><\/div><\/div>\n\t\t\t\t\n\t\t\t\t\t\t\t\t\t<h3 class=\"wd-entities-title title post-title\">\n\t\t\t\t\t\t<a href=\"https:\/\/socoal.cl\/index.php\/2024\/02\/07\/descubre-la-excelencia-de-los-productos-florax-en-todo-chile\/\" rel=\"bookmark\">Descubre la Excelencia de los Productos Florax en Todo Chile<\/a>\n\t\t\t\t\t<\/h3>\n\t\t\t\t\n\t\t\t\t\t\t\t\t\t<div class=\"entry-meta wd-entry-meta\">\n\t\t\t\t\t\t\t\t\t<ul class=\"entry-meta-list\">\n\t\t\t\t\t\t\t\t\t<li class=\"modified-date\">\n\t\t\t\t\t\t\t\t<time class=\"updated\" datetime=\"2024-02-07T17:24:11+00:00\">\n\t\t\tfebrero 7, 2024\t\t<\/time>\n\t\t\t\t\t\t\t<\/li>\n\n\t\t\t\t\t\n\t\t\t\t\t\t\t\t\t\t\t<li class=\"meta-author\">\n\t\t\t\t\t\t\t\t\t\t\t\tPor\t\t\n\t\t\t\t\t<img alt='author-avatar' src='https:\/\/secure.gravatar.com\/avatar\/a133b5b1fb7a4be40fb3e539d9717e6a1e2846d99624538e5b29fd17609c2b07?s=32&#038;d=mm&#038;r=g' srcset='https:\/\/secure.gravatar.com\/avatar\/a133b5b1fb7a4be40fb3e539d9717e6a1e2846d99624538e5b29fd17609c2b07?s=64&#038;d=mm&#038;r=g 2x' class='avatar avatar-32 photo' height='32' width='32' \/>\t\t\n\t\t<a href=\"https:\/\/socoal.cl\/index.php\/author\/admin_socoal\/\" rel=\"author\">\n\t\t\t<span class=\"vcard author author_name\">\n\t\t\t\t<span class=\"fn\">admin<\/span>\n\t\t\t<\/span>\n\t\t<\/a>\n\t\t\t\t\t\t\t\t<\/li>\n\t\t\t\t\t\n\t\t\t\t\t\n\t\t\t\t\t\t\t\t\t\t\t<li class=\"meta-reply\">\n\t\t\t\t\t\t\t<a href=\"https:\/\/socoal.cl\/index.php\/2024\/02\/07\/descubre-la-excelencia-de-los-productos-florax-en-todo-chile\/#respond\"><span class=\"replies-count\">0<\/span> <span class=\"replies-count-label\">comments<\/span><\/a>\t\t\t\t\t\t<\/li>\n\t\t\t\t\t\t\t\t\t\t\t\t<\/ul>\n\t\t\t\t\t\t\t<\/div><!-- .entry-meta -->\n\t\t\t\t\t\t\t\t\t\t\t\t\n\t\t\t\t\t\t\t<div class=\"entry-content wd-entry-content\">\n\t\t\t\t\t\r\nEn Socoal estamos orgullosos de ser los fabricantes de productos Florax, ya que son la elecci\u00f3n superior para aquellos que buscan cal...<p class=\"read-more-section\"><a class=\"btn-read-more more-link\" href=\"https:\/\/socoal.cl\/index.php\/2024\/02\/07\/descubre-la-excelencia-de-los-productos-florax-en-todo-chile\/\">Ver Publicaci\u00f3n<\/a><\/p>\t\t\t\t\t\t\t\t\t<\/div><!-- .entry-content -->\n\t\t\t\n\t\t\t\n\t\t\t\t\t<\/div>\n\t<\/div>\n<\/article><!-- #post -->\n\n\n\n<article id=\"post-1238\" class=\"blog-design-masonry blog-post-loop blog-style-shadow  col-md-4 col-sm-6 col-12 first  post-1238 post type-post status-publish format-standard has-post-thumbnail hentry category-aceites tag-chile tag-fabricacion tag-papel tag-productos tag-santiago tag-socoal\">\n\t<div class=\"article-inner\">\n\t\t\t\t\t<header class=\"entry-header\">\n\t\t\t\t\t\t\t\t\t<figure id=\"carousel-936\" class=\"entry-thumbnail\">\n\t\t\t\t\t\t\n\t\t\t\t\t\t\t<div class=\"post-img-wrapp\">\n\t\t\t\t\t\t\t\t<a href=\"https:\/\/socoal.cl\/index.php\/2024\/01\/23\/descubre-socoal-el-corazon-de-la-fabricacion-de-productos-de-papel-en-santiago\/\">\n\t\t\t\t\t\t\t\t\t<img loading=\"lazy\" decoding=\"async\" width=\"400\" height=\"286\" src=\"https:\/\/socoal.cl\/wp-content\/uploads\/2024\/01\/Almacenes-400x286.jpg\" class=\"attachment-large wp-post-image attachment-medium\" alt=\"\" title=\"Almacenes\" srcset=\"https:\/\/socoal.cl\/wp-content\/uploads\/2024\/01\/Almacenes-400x286.jpg 400w, https:\/\/socoal.cl\/wp-content\/uploads\/2024\/01\/Almacenes-1120x800.jpg 1120w, https:\/\/socoal.cl\/wp-content\/uploads\/2024\/01\/Almacenes-768x548.jpg 768w, https:\/\/socoal.cl\/wp-content\/uploads\/2024\/01\/Almacenes-860x614.jpg 860w, https:\/\/socoal.cl\/wp-content\/uploads\/2024\/01\/Almacenes-430x307.jpg 430w, https:\/\/socoal.cl\/wp-content\/uploads\/2024\/01\/Almacenes-700x500.jpg 700w, https:\/\/socoal.cl\/wp-content\/uploads\/2024\/01\/Almacenes-150x107.jpg 150w, https:\/\/socoal.cl\/wp-content\/uploads\/2024\/01\/Almacenes.jpg 1500w\" sizes=\"auto, (max-width: 400px) 100vw, 400px\" \/>\t\t\t\t\t\t\t\t<\/a>\n\t\t\t\t\t\t\t<\/div>\n\t\t\t\t\t\t\t<div class=\"post-image-mask\">\n\t\t\t\t\t\t\t\t<span><\/span>\n\t\t\t\t\t\t\t<\/div>\n\n\t\t\t\t\t\t\n\t\t\t\t\t<\/figure>\n\t\t\t\t\n\t\t\t\t\t\t\t\t\t\t\t\t<div class=\"post-date wd-post-date wd-style-with-bg\" onclick=\"\">\n\t\t\t\t<span class=\"post-date-day\">\n\t\t\t\t\t23\t\t\t\t<\/span>\n\t\t\t\t<span class=\"post-date-month\">\n\t\t\t\t\tEne\t\t\t\t<\/span>\n\t\t\t<\/div>\n\t\t\t\t\t\t\n\t\t\t<\/header><!-- .entry-header -->\n\n\t\t<div class=\"article-body-container\">\n\t\t\t\n\t\t\t\t\t\t\t\t\t<div class=\"meta-categories-wrapp\"><div class=\"meta-post-categories wd-post-cat wd-style-with-bg\"><a href=\"https:\/\/socoal.cl\/index.php\/category\/aceites\/\" rel=\"category tag\">Aceites<\/a><\/div><\/div>\n\t\t\t\t\n\t\t\t\t\t\t\t\t\t<h3 class=\"wd-entities-title title post-title\">\n\t\t\t\t\t\t<a href=\"https:\/\/socoal.cl\/index.php\/2024\/01\/23\/descubre-socoal-el-corazon-de-la-fabricacion-de-productos-de-papel-en-santiago\/\" rel=\"bookmark\">Descubre Socoal: El Coraz\u00f3n de la Fabricaci\u00f3n de Productos de Papel en Santiago<\/a>\n\t\t\t\t\t<\/h3>\n\t\t\t\t\n\t\t\t\t\t\t\t\t\t<div class=\"entry-meta wd-entry-meta\">\n\t\t\t\t\t\t\t\t\t<ul class=\"entry-meta-list\">\n\t\t\t\t\t\t\t\t\t<li class=\"modified-date\">\n\t\t\t\t\t\t\t\t<time class=\"updated\" datetime=\"2024-01-23T22:26:08+00:00\">\n\t\t\tenero 23, 2024\t\t<\/time>\n\t\t\t\t\t\t\t<\/li>\n\n\t\t\t\t\t\n\t\t\t\t\t\t\t\t\t\t\t<li class=\"meta-author\">\n\t\t\t\t\t\t\t\t\t\t\t\tPor\t\t\n\t\t\t\t\t<img alt='author-avatar' src='https:\/\/secure.gravatar.com\/avatar\/a133b5b1fb7a4be40fb3e539d9717e6a1e2846d99624538e5b29fd17609c2b07?s=32&#038;d=mm&#038;r=g' srcset='https:\/\/secure.gravatar.com\/avatar\/a133b5b1fb7a4be40fb3e539d9717e6a1e2846d99624538e5b29fd17609c2b07?s=64&#038;d=mm&#038;r=g 2x' class='avatar avatar-32 photo' height='32' width='32' \/>\t\t\n\t\t<a href=\"https:\/\/socoal.cl\/index.php\/author\/admin_socoal\/\" rel=\"author\">\n\t\t\t<span class=\"vcard author author_name\">\n\t\t\t\t<span class=\"fn\">admin<\/span>\n\t\t\t<\/span>\n\t\t<\/a>\n\t\t\t\t\t\t\t\t<\/li>\n\t\t\t\t\t\n\t\t\t\t\t\n\t\t\t\t\t\t\t\t\t\t\t<li class=\"meta-reply\">\n\t\t\t\t\t\t\t<a href=\"https:\/\/socoal.cl\/index.php\/2024\/01\/23\/descubre-socoal-el-corazon-de-la-fabricacion-de-productos-de-papel-en-santiago\/#respond\"><span class=\"replies-count\">0<\/span> <span class=\"replies-count-label\">comments<\/span><\/a>\t\t\t\t\t\t<\/li>\n\t\t\t\t\t\t\t\t\t\t\t\t<\/ul>\n\t\t\t\t\t\t\t<\/div><!-- .entry-meta -->\n\t\t\t\t\t\t\t\t\t\t\t\t\n\t\t\t\t\t\t\t<div class=\"entry-content wd-entry-content\">\n\t\t\t\t\t\r\nUbicada en Pudahuel, Santiago, la planta de fabricaci\u00f3n de Socoal es un epicentro de innovaci\u00f3n y calidad en la producci\u00f3n de product...<p class=\"read-more-section\"><a class=\"btn-read-more more-link\" href=\"https:\/\/socoal.cl\/index.php\/2024\/01\/23\/descubre-socoal-el-corazon-de-la-fabricacion-de-productos-de-papel-en-santiago\/\">Ver Publicaci\u00f3n<\/a><\/p>\t\t\t\t\t\t\t\t\t<\/div><!-- .entry-content -->\n\t\t\t\n\t\t\t\n\t\t\t\t\t<\/div>\n\t<\/div>\n<\/article><!-- #post -->\n\n\n\n<article id=\"post-1234\" class=\"blog-design-masonry blog-post-loop blog-style-shadow  col-md-4 col-sm-6 col-12 post-1234 post type-post status-publish format-standard has-post-thumbnail hentry category-aceites tag-aceites tag-calidad tag-chile tag-freir tag-industrial tag-santiago\">\n\t<div class=\"article-inner\">\n\t\t\t\t\t<header class=\"entry-header\">\n\t\t\t\t\t\t\t\t\t<figure id=\"carousel-923\" class=\"entry-thumbnail\">\n\t\t\t\t\t\t\n\t\t\t\t\t\t\t<div class=\"post-img-wrapp\">\n\t\t\t\t\t\t\t\t<a href=\"https:\/\/socoal.cl\/index.php\/2024\/01\/23\/el-mejor-aceite-industrial-para-freir\/\">\n\t\t\t\t\t\t\t\t\t<img loading=\"lazy\" decoding=\"async\" width=\"400\" height=\"175\" src=\"https:\/\/socoal.cl\/wp-content\/uploads\/2024\/01\/distribuidores_fritomac_chile_aceite_freir-400x175.jpeg\" class=\"attachment-large wp-post-image attachment-medium\" alt=\"\" title=\"distribuidores_fritomac_chile_aceite_freir\" srcset=\"https:\/\/socoal.cl\/wp-content\/uploads\/2024\/01\/distribuidores_fritomac_chile_aceite_freir-400x175.jpeg 400w, https:\/\/socoal.cl\/wp-content\/uploads\/2024\/01\/distribuidores_fritomac_chile_aceite_freir-768x337.jpeg 768w, https:\/\/socoal.cl\/wp-content\/uploads\/2024\/01\/distribuidores_fritomac_chile_aceite_freir-860x377.jpeg 860w, https:\/\/socoal.cl\/wp-content\/uploads\/2024\/01\/distribuidores_fritomac_chile_aceite_freir-430x189.jpeg 430w, https:\/\/socoal.cl\/wp-content\/uploads\/2024\/01\/distribuidores_fritomac_chile_aceite_freir-700x307.jpeg 700w, https:\/\/socoal.cl\/wp-content\/uploads\/2024\/01\/distribuidores_fritomac_chile_aceite_freir-150x66.jpeg 150w, https:\/\/socoal.cl\/wp-content\/uploads\/2024\/01\/distribuidores_fritomac_chile_aceite_freir.jpeg 1140w\" sizes=\"auto, (max-width: 400px) 100vw, 400px\" \/>\t\t\t\t\t\t\t\t<\/a>\n\t\t\t\t\t\t\t<\/div>\n\t\t\t\t\t\t\t<div class=\"post-image-mask\">\n\t\t\t\t\t\t\t\t<span><\/span>\n\t\t\t\t\t\t\t<\/div>\n\n\t\t\t\t\t\t\n\t\t\t\t\t<\/figure>\n\t\t\t\t\n\t\t\t\t\t\t\t\t\t\t\t\t<div class=\"post-date wd-post-date wd-style-with-bg\" onclick=\"\">\n\t\t\t\t<span class=\"post-date-day\">\n\t\t\t\t\t23\t\t\t\t<\/span>\n\t\t\t\t<span class=\"post-date-month\">\n\t\t\t\t\tEne\t\t\t\t<\/span>\n\t\t\t<\/div>\n\t\t\t\t\t\t\n\t\t\t<\/header><!-- .entry-header -->\n\n\t\t<div class=\"article-body-container\">\n\t\t\t\n\t\t\t\t\t\t\t\t\t<div class=\"meta-categories-wrapp\"><div class=\"meta-post-categories wd-post-cat wd-style-with-bg\"><a href=\"https:\/\/socoal.cl\/index.php\/category\/aceites\/\" rel=\"category tag\">Aceites<\/a><\/div><\/div>\n\t\t\t\t\n\t\t\t\t\t\t\t\t\t<h3 class=\"wd-entities-title title post-title\">\n\t\t\t\t\t\t<a href=\"https:\/\/socoal.cl\/index.php\/2024\/01\/23\/el-mejor-aceite-industrial-para-freir\/\" rel=\"bookmark\">El Mejor Aceite Industrial para Fre\u00edr<\/a>\n\t\t\t\t\t<\/h3>\n\t\t\t\t\n\t\t\t\t\t\t\t\t\t<div class=\"entry-meta wd-entry-meta\">\n\t\t\t\t\t\t\t\t\t<ul class=\"entry-meta-list\">\n\t\t\t\t\t\t\t\t\t<li class=\"modified-date\">\n\t\t\t\t\t\t\t\t<time class=\"updated\" datetime=\"2024-01-23T19:45:27+00:00\">\n\t\t\tenero 23, 2024\t\t<\/time>\n\t\t\t\t\t\t\t<\/li>\n\n\t\t\t\t\t\n\t\t\t\t\t\t\t\t\t\t\t<li class=\"meta-author\">\n\t\t\t\t\t\t\t\t\t\t\t\tPor\t\t\n\t\t\t\t\t<img alt='author-avatar' src='https:\/\/secure.gravatar.com\/avatar\/a133b5b1fb7a4be40fb3e539d9717e6a1e2846d99624538e5b29fd17609c2b07?s=32&#038;d=mm&#038;r=g' srcset='https:\/\/secure.gravatar.com\/avatar\/a133b5b1fb7a4be40fb3e539d9717e6a1e2846d99624538e5b29fd17609c2b07?s=64&#038;d=mm&#038;r=g 2x' class='avatar avatar-32 photo' height='32' width='32' \/>\t\t\n\t\t<a href=\"https:\/\/socoal.cl\/index.php\/author\/admin_socoal\/\" rel=\"author\">\n\t\t\t<span class=\"vcard author author_name\">\n\t\t\t\t<span class=\"fn\">admin<\/span>\n\t\t\t<\/span>\n\t\t<\/a>\n\t\t\t\t\t\t\t\t<\/li>\n\t\t\t\t\t\n\t\t\t\t\t\n\t\t\t\t\t\t\t\t\t\t\t<li class=\"meta-reply\">\n\t\t\t\t\t\t\t<a href=\"https:\/\/socoal.cl\/index.php\/2024\/01\/23\/el-mejor-aceite-industrial-para-freir\/#respond\"><span class=\"replies-count\">0<\/span> <span class=\"replies-count-label\">comments<\/span><\/a>\t\t\t\t\t\t<\/li>\n\t\t\t\t\t\t\t\t\t\t\t\t<\/ul>\n\t\t\t\t\t\t\t<\/div><!-- .entry-meta -->\n\t\t\t\t\t\t\t\t\t\t\t\t\n\t\t\t\t\t\t\t<div class=\"entry-content wd-entry-content\">\n\t\t\t\t\t\r\nDesde hace m\u00e1s de 20 a\u00f1os en Socoal somos los distribuidores oficiales del mejor aceite industrial para fre\u00edr, Fritomac. Sin duda es ...<p class=\"read-more-section\"><a class=\"btn-read-more more-link\" href=\"https:\/\/socoal.cl\/index.php\/2024\/01\/23\/el-mejor-aceite-industrial-para-freir\/\">Ver Publicaci\u00f3n<\/a><\/p>\t\t\t\t\t\t\t\t\t<\/div><!-- .entry-content -->\n\t\t\t\n\t\t\t\n\t\t\t\t\t<\/div>\n\t<\/div>\n<\/article><!-- #post -->\n\n\n\n<article id=\"post-1230\" class=\"blog-design-masonry blog-post-loop blog-style-shadow  col-md-4 col-sm-6 col-12 last  post-1230 post type-post status-publish format-standard has-post-thumbnail hentry category-aceites tag-aceites tag-chile tag-freir tag-santiago tag-temperatura\">\n\t<div class=\"article-inner\">\n\t\t\t\t\t<header class=\"entry-header\">\n\t\t\t\t\t\t\t\t\t<figure id=\"carousel-104\" class=\"entry-thumbnail\">\n\t\t\t\t\t\t\n\t\t\t\t\t\t\t<div class=\"post-img-wrapp\">\n\t\t\t\t\t\t\t\t<a href=\"https:\/\/socoal.cl\/index.php\/2024\/01\/23\/cual-es-la-mejor-temperatura-del-aceite-para-freir\/\">\n\t\t\t\t\t\t\t\t\t<img loading=\"lazy\" decoding=\"async\" width=\"400\" height=\"267\" src=\"https:\/\/socoal.cl\/wp-content\/uploads\/2024\/01\/aceite_industrial_freir_chile_fritomac-400x267.webp\" class=\"attachment-large wp-post-image attachment-medium\" alt=\"\" title=\"aceite_industrial_freir_chile_fritomac\" srcset=\"https:\/\/socoal.cl\/wp-content\/uploads\/2024\/01\/aceite_industrial_freir_chile_fritomac-400x267.webp 400w, https:\/\/socoal.cl\/wp-content\/uploads\/2024\/01\/aceite_industrial_freir_chile_fritomac-1198x800.webp 1198w, https:\/\/socoal.cl\/wp-content\/uploads\/2024\/01\/aceite_industrial_freir_chile_fritomac-768x513.webp 768w, https:\/\/socoal.cl\/wp-content\/uploads\/2024\/01\/aceite_industrial_freir_chile_fritomac-1536x1026.webp 1536w, https:\/\/socoal.cl\/wp-content\/uploads\/2024\/01\/aceite_industrial_freir_chile_fritomac-860x574.webp 860w, https:\/\/socoal.cl\/wp-content\/uploads\/2024\/01\/aceite_industrial_freir_chile_fritomac-430x287.webp 430w, https:\/\/socoal.cl\/wp-content\/uploads\/2024\/01\/aceite_industrial_freir_chile_fritomac-700x467.webp 700w, https:\/\/socoal.cl\/wp-content\/uploads\/2024\/01\/aceite_industrial_freir_chile_fritomac-150x100.webp 150w, https:\/\/socoal.cl\/wp-content\/uploads\/2024\/01\/aceite_industrial_freir_chile_fritomac.webp 1920w\" sizes=\"auto, (max-width: 400px) 100vw, 400px\" \/>\t\t\t\t\t\t\t\t<\/a>\n\t\t\t\t\t\t\t<\/div>\n\t\t\t\t\t\t\t<div class=\"post-image-mask\">\n\t\t\t\t\t\t\t\t<span><\/span>\n\t\t\t\t\t\t\t<\/div>\n\n\t\t\t\t\t\t\n\t\t\t\t\t<\/figure>\n\t\t\t\t\n\t\t\t\t\t\t\t\t\t\t\t\t<div class=\"post-date wd-post-date wd-style-with-bg\" onclick=\"\">\n\t\t\t\t<span class=\"post-date-day\">\n\t\t\t\t\t23\t\t\t\t<\/span>\n\t\t\t\t<span class=\"post-date-month\">\n\t\t\t\t\tEne\t\t\t\t<\/span>\n\t\t\t<\/div>\n\t\t\t\t\t\t\n\t\t\t<\/header><!-- .entry-header -->\n\n\t\t<div class=\"article-body-container\">\n\t\t\t\n\t\t\t\t\t\t\t\t\t<div class=\"meta-categories-wrapp\"><div class=\"meta-post-categories wd-post-cat wd-style-with-bg\"><a href=\"https:\/\/socoal.cl\/index.php\/category\/aceites\/\" rel=\"category tag\">Aceites<\/a><\/div><\/div>\n\t\t\t\t\n\t\t\t\t\t\t\t\t\t<h3 class=\"wd-entities-title title post-title\">\n\t\t\t\t\t\t<a href=\"https:\/\/socoal.cl\/index.php\/2024\/01\/23\/cual-es-la-mejor-temperatura-del-aceite-para-freir\/\" rel=\"bookmark\">\u00bfCu\u00e1l es la mejor Temperatura del Aceite para Fre\u00edr?<\/a>\n\t\t\t\t\t<\/h3>\n\t\t\t\t\n\t\t\t\t\t\t\t\t\t<div class=\"entry-meta wd-entry-meta\">\n\t\t\t\t\t\t\t\t\t<ul class=\"entry-meta-list\">\n\t\t\t\t\t\t\t\t\t<li class=\"modified-date\">\n\t\t\t\t\t\t\t\t<time class=\"updated\" datetime=\"2024-01-23T19:37:33+00:00\">\n\t\t\tenero 23, 2024\t\t<\/time>\n\t\t\t\t\t\t\t<\/li>\n\n\t\t\t\t\t\n\t\t\t\t\t\t\t\t\t\t\t<li class=\"meta-author\">\n\t\t\t\t\t\t\t\t\t\t\t\tPor\t\t\n\t\t\t\t\t<img alt='author-avatar' src='https:\/\/secure.gravatar.com\/avatar\/a133b5b1fb7a4be40fb3e539d9717e6a1e2846d99624538e5b29fd17609c2b07?s=32&#038;d=mm&#038;r=g' srcset='https:\/\/secure.gravatar.com\/avatar\/a133b5b1fb7a4be40fb3e539d9717e6a1e2846d99624538e5b29fd17609c2b07?s=64&#038;d=mm&#038;r=g 2x' class='avatar avatar-32 photo' height='32' width='32' \/>\t\t\n\t\t<a href=\"https:\/\/socoal.cl\/index.php\/author\/admin_socoal\/\" rel=\"author\">\n\t\t\t<span class=\"vcard author author_name\">\n\t\t\t\t<span class=\"fn\">admin<\/span>\n\t\t\t<\/span>\n\t\t<\/a>\n\t\t\t\t\t\t\t\t<\/li>\n\t\t\t\t\t\n\t\t\t\t\t\n\t\t\t\t\t\t\t\t\t\t\t<li class=\"meta-reply\">\n\t\t\t\t\t\t\t<a href=\"https:\/\/socoal.cl\/index.php\/2024\/01\/23\/cual-es-la-mejor-temperatura-del-aceite-para-freir\/#respond\"><span class=\"replies-count\">0<\/span> <span class=\"replies-count-label\">comments<\/span><\/a>\t\t\t\t\t\t<\/li>\n\t\t\t\t\t\t\t\t\t\t\t\t<\/ul>\n\t\t\t\t\t\t\t<\/div><!-- .entry-meta -->\n\t\t\t\t\t\t\t\t\t\t\t\t\n\t\t\t\t\t\t\t<div class=\"entry-content wd-entry-content\">\n\t\t\t\t\t\r\nEn el mundo culinario, fre\u00edr es una t\u00e9cnica de cocci\u00f3n que agrega un toque dorado y crujiente a una variedad de alimentos. Sin embarg...<p class=\"read-more-section\"><a class=\"btn-read-more more-link\" href=\"https:\/\/socoal.cl\/index.php\/2024\/01\/23\/cual-es-la-mejor-temperatura-del-aceite-para-freir\/\">Ver Publicaci\u00f3n<\/a><\/p>\t\t\t\t\t\t\t\t\t<\/div><!-- .entry-content -->\n\t\t\t\n\t\t\t\n\t\t\t\t\t<\/div>\n\t<\/div>\n<\/article><!-- #post -->\n\n\n<\/div>[\/vc_column][\/vc_row]<\/p>\n<\/div>","protected":false},"excerpt":{"rendered":"<p>[vc_row][vc_column][\/vc_column][\/vc_row]<\/p>\n","protected":false},"author":1,"featured_media":0,"parent":0,"menu_order":0,"comment_status":"closed","ping_status":"closed","template":"","meta":{"footnotes":""},"class_list":["post-107","page","type-page","status-publish","hentry"],"_links":{"self":[{"href":"https:\/\/socoal.cl\/index.php\/wp-json\/wp\/v2\/pages\/107","targetHints":{"allow":["GET"]}}],"collection":[{"href":"https:\/\/socoal.cl\/index.php\/wp-json\/wp\/v2\/pages"}],"about":[{"href":"https:\/\/socoal.cl\/index.php\/wp-json\/wp\/v2\/types\/page"}],"author":[{"embeddable":true,"href":"https:\/\/socoal.cl\/index.php\/wp-json\/wp\/v2\/users\/1"}],"replies":[{"embeddable":true,"href":"https:\/\/socoal.cl\/index.php\/wp-json\/wp\/v2\/comments?post=107"}],"version-history":[{"count":3,"href":"https:\/\/socoal.cl\/index.php\/wp-json\/wp\/v2\/pages\/107\/revisions"}],"predecessor-version":[{"id":7289,"href":"https:\/\/socoal.cl\/index.php\/wp-json\/wp\/v2\/pages\/107\/revisions\/7289"}],"wp:attachment":[{"href":"https:\/\/socoal.cl\/index.php\/wp-json\/wp\/v2\/media?parent=107"}],"curies":[{"name":"wp","href":"https:\/\/api.w.org\/{rel}","templated":true}]}}